{"id":302,"date":"2019-12-10T10:16:13","date_gmt":"2019-12-10T09:16:13","guid":{"rendered":"http:\/\/shpaiza.sk\/?page_id=302"},"modified":"2020-09-24T17:50:39","modified_gmt":"2020-09-24T15:50:39","slug":"pre-kaviarne","status":"publish","type":"page","link":"https:\/\/shpaiza.sk\/?page_id=302","title":{"rendered":"Pre Kaviarne"},"content":{"rendered":"<p>Na\u0161e <span style=\"text-decoration: underline;\"><strong>slan\u00e9 aj sladk\u00e9 pe\u010den\u00e9 produkty<\/strong><\/span> s\u00fa <span style=\"text-decoration: underline;\"><strong>i<\/strong><strong>de\u00e1lnym doplnkom pre kaviarne a podniky<\/strong><\/span>, ktor\u00e9 nedisponuj\u00fa vlastnou kuchy\u0148ou, ale chc\u00fa pon\u00faknu\u0165 z\u00e1kazn\u00edkom okrem dobrej k\u00e1vy aj kvalitn\u00e9 slan\u00e9 a sladk\u00e9 ob\u010derstvenie. Na\u0161e produkty V\u00e1m dod\u00e1me denne \u010derstvo pe\u010den\u00e9 s r\u00f4znymi druhmi sez\u00f3nnych plniek a preveden\u00ed. Ide\u00e1lnymi pre kaviarne s\u00fa:<\/p>\n<ul>\n<li><span style=\"text-decoration: underline;\"><strong>Dom\u00e1ce n\u00e1tierky<\/strong><\/span> s kv\u00e1skov\u00fdm chlebom<\/li>\n<li>Na\u0161e <span style=\"text-decoration: underline;\"><strong>\u010derstvo pe\u010den\u00e9 Empanad<\/strong><\/span>y s vegetari\u00e1nskymi aj m\u00e4sov\u00fdmi plnkami<\/li>\n<li>Ka\u017ed\u00fd de\u0148 in\u00e1 <span style=\"text-decoration: underline;\"><strong>sez\u00f3nna polievka s \u010derstvo pe\u010den\u00fdm kv\u00e1skov\u00fdm chlebom<\/strong><\/span><\/li>\n<li><span style=\"text-decoration: underline;\"><strong>Quiche<\/strong><\/span> vo vegetari\u00e1nskej aj m\u00e4sovej alternat\u00edve<\/li>\n<li><span style=\"text-decoration: underline;\"><strong>Dom\u00e1ce pe\u010den\u00e9 kol\u00e1\u010de a b\u00e1bovka <\/strong><\/span><\/li>\n<\/ul>\n<p>V pr\u00edpade z\u00e1ujmu o na\u0161e produkty n\u00e1s pros\u00edm nev\u00e1hajte kontaktova\u0165 na <strong>0907 432 236<\/strong> alebo <a href=\"mailto:info@shpaiza.sk\"><strong>info@shpaiza.sk <\/strong><\/a><\/p>\n<p><img loading=\"lazy\" class=\"alignnone size-medium wp-image-1313\" src=\"https:\/\/shpaiza.sk\/wp-content\/uploads\/2020\/09\/N\u00e1tierky-SHPAIZA-300x300.jpg\" alt=\"\" width=\"300\" height=\"300\" srcset=\"https:\/\/shpaiza.sk\/wp-content\/uploads\/2020\/09\/N\u00e1tierky-SHPAIZA-300x300.jpg 300w, https:\/\/shpaiza.sk\/wp-content\/uploads\/2020\/09\/N\u00e1tierky-SHPAIZA-150x150.jpg 150w, https:\/\/shpaiza.sk\/wp-content\/uploads\/2020\/09\/N\u00e1tierky-SHPAIZA-768x768.jpg 768w, https:\/\/shpaiza.sk\/wp-content\/uploads\/2020\/09\/N\u00e1tierky-SHPAIZA-1024x1024.jpg 1024w, https:\/\/shpaiza.sk\/wp-content\/uploads\/2020\/09\/N\u00e1tierky-SHPAIZA-600x600.jpg 600w, https:\/\/shpaiza.sk\/wp-content\/uploads\/2020\/09\/N\u00e1tierky-SHPAIZA-160x160.jpg 160w, https:\/\/shpaiza.sk\/wp-content\/uploads\/2020\/09\/N\u00e1tierky-SHPAIZA.jpg 1080w\" sizes=\"(max-width: 300px) 100vw, 300px\" \/><img loading=\"lazy\" class=\"alignnone size-medium wp-image-1325\" src=\"https:\/\/shpaiza.sk\/wp-content\/uploads\/2020\/09\/CoffeeShopa-300x300.jpg\" alt=\"\" width=\"300\" height=\"300\" srcset=\"https:\/\/shpaiza.sk\/wp-content\/uploads\/2020\/09\/CoffeeShopa-300x300.jpg 300w, https:\/\/shpaiza.sk\/wp-content\/uploads\/2020\/09\/CoffeeShopa-150x150.jpg 150w, https:\/\/shpaiza.sk\/wp-content\/uploads\/2020\/09\/CoffeeShopa-768x768.jpg 768w, https:\/\/shpaiza.sk\/wp-content\/uploads\/2020\/09\/CoffeeShopa-1024x1024.jpg 1024w, https:\/\/shpaiza.sk\/wp-content\/uploads\/2020\/09\/CoffeeShopa-600x600.jpg 600w, https:\/\/shpaiza.sk\/wp-content\/uploads\/2020\/09\/CoffeeShopa-160x160.jpg 160w, https:\/\/shpaiza.sk\/wp-content\/uploads\/2020\/09\/CoffeeShopa.jpg 1080w\" sizes=\"(max-width: 300px) 100vw, 300px\" \/><img loading=\"lazy\" class=\"alignnone size-medium wp-image-1326\" src=\"https:\/\/shpaiza.sk\/wp-content\/uploads\/2020\/09\/V\u00fdklad-SHPAIZA-300x300.jpg\" alt=\"\" width=\"300\" height=\"300\" srcset=\"https:\/\/shpaiza.sk\/wp-content\/uploads\/2020\/09\/V\u00fdklad-SHPAIZA-300x300.jpg 300w, https:\/\/shpaiza.sk\/wp-content\/uploads\/2020\/09\/V\u00fdklad-SHPAIZA-150x150.jpg 150w, https:\/\/shpaiza.sk\/wp-content\/uploads\/2020\/09\/V\u00fdklad-SHPAIZA-768x768.jpg 768w, https:\/\/shpaiza.sk\/wp-content\/uploads\/2020\/09\/V\u00fdklad-SHPAIZA-1024x1024.jpg 1024w, https:\/\/shpaiza.sk\/wp-content\/uploads\/2020\/09\/V\u00fdklad-SHPAIZA-600x600.jpg 600w, https:\/\/shpaiza.sk\/wp-content\/uploads\/2020\/09\/V\u00fdklad-SHPAIZA-160x160.jpg 160w, https:\/\/shpaiza.sk\/wp-content\/uploads\/2020\/09\/V\u00fdklad-SHPAIZA.jpg 1080w\" sizes=\"(max-width: 300px) 100vw, 300px\" \/><\/p>\n","protected":false},"excerpt":{"rendered":"<p>Na\u0161e slan\u00e9 aj sladk\u00e9 pe\u010den\u00e9 produkty s\u00fa ide\u00e1lnym doplnkom pre kaviarne a podniky, ktor\u00e9 nedisponuj\u00fa vlastnou kuchy\u0148ou, ale chc\u00fa pon\u00faknu\u0165 z\u00e1kazn\u00edkom okrem dobrej k\u00e1vy aj kvalitn\u00e9 slan\u00e9 a sladk\u00e9 ob\u010derstvenie. Na\u0161e produkty V\u00e1m dod\u00e1me denne \u010derstvo pe\u010den\u00e9 s r\u00f4znymi druhmi sez\u00f3nnych plniek a preveden\u00ed. Ide\u00e1lnymi pre kaviarne s\u00fa: Dom\u00e1ce n\u00e1tierky s kv\u00e1skov\u00fdm chlebom Na\u0161e \u010derstvo [&hellip;]<\/p>\n","protected":false},"author":1,"featured_media":0,"parent":0,"menu_order":6,"comment_status":"closed","ping_status":"closed","template":"","meta":[],"_links":{"self":[{"href":"https:\/\/shpaiza.sk\/index.php?rest_route=\/wp\/v2\/pages\/302"}],"collection":[{"href":"https:\/\/shpaiza.sk\/index.php?rest_route=\/wp\/v2\/pages"}],"about":[{"href":"https:\/\/shpaiza.sk\/index.php?rest_route=\/wp\/v2\/types\/page"}],"author":[{"embeddable":true,"href":"https:\/\/shpaiza.sk\/index.php?rest_route=\/wp\/v2\/users\/1"}],"replies":[{"embeddable":true,"href":"https:\/\/shpaiza.sk\/index.php?rest_route=%2Fwp%2Fv2%2Fcomments&post=302"}],"version-history":[{"count":4,"href":"https:\/\/shpaiza.sk\/index.php?rest_route=\/wp\/v2\/pages\/302\/revisions"}],"predecessor-version":[{"id":1327,"href":"https:\/\/shpaiza.sk\/index.php?rest_route=\/wp\/v2\/pages\/302\/revisions\/1327"}],"wp:attachment":[{"href":"https:\/\/shpaiza.sk\/index.php?rest_route=%2Fwp%2Fv2%2Fmedia&parent=302"}],"curies":[{"name":"wp","href":"https:\/\/api.w.org\/{rel}","templated":true}]}}