{"id":256,"date":"2019-12-04T11:00:53","date_gmt":"2019-12-04T10:00:53","guid":{"rendered":"http:\/\/shpaiza.sk\/?page_id=256"},"modified":"2021-04-19T17:37:21","modified_gmt":"2021-04-19T15:37:21","slug":"nase-jedla","status":"publish","type":"page","link":"https:\/\/shpaiza.sk\/?page_id=256","title":{"rendered":"Na\u0161e jedl\u00e1"},"content":{"rendered":"<p><strong>SHPAIZA Bistro a TakeAway<\/strong> je tu pre v\u0161etk\u00fdch, ktor\u00ed h\u013eadaj\u00fa <strong>kvalitn\u00e9 r\u00fdchle ob\u010derstvenie<\/strong> pripravovan\u00e9 <strong>z \u010derstv\u00fdch sez\u00f3nnych surov\u00edn<\/strong>. N\u00e1\u0161 executive chef <strong>Peter<\/strong> spolu so zakladate\u013emi <strong>Marianom, Evkou<\/strong> a roz\u0161iruj\u00facim sa <strong>teamom kolegov<\/strong> pre V\u00e1s zostavili <strong>jedine\u010dn\u00fd koncept sez\u00f3nnych polievok, <\/strong>denn\u00fdch<strong> vege aj m\u00e4sov\u00fdch \u0161pecial\u00edt, <\/strong>letn\u00fdch aj zimn\u00fdch<strong> \u0161al\u00e1tov <\/strong>a<strong> TakeAway produktov. <\/strong>Na\u0161e jedl\u00e1 s\u00fa <strong>in\u0161pirovan\u00e9 dom\u00e1cou trad\u00edciou aj medzin\u00e1rodnou kuchy\u0148ou<\/strong> a prin\u00e1\u0161aj\u00fa do Bratislavy inovat\u00edvny gastro-projekt. \u010co m\u00f4\u017eete u n\u00e1s ochutna\u0165?<\/p>\n<h2>Ra\u0148ajky<\/h2>\n<p><img loading=\"lazy\" class=\"alignnone size-medium wp-image-1313\" src=\"https:\/\/shpaiza.sk\/wp-content\/uploads\/2020\/09\/N\u00e1tierky-SHPAIZA-300x300.jpg\" alt=\"\" width=\"300\" height=\"300\" srcset=\"https:\/\/shpaiza.sk\/wp-content\/uploads\/2020\/09\/N\u00e1tierky-SHPAIZA-300x300.jpg 300w, https:\/\/shpaiza.sk\/wp-content\/uploads\/2020\/09\/N\u00e1tierky-SHPAIZA-150x150.jpg 150w, https:\/\/shpaiza.sk\/wp-content\/uploads\/2020\/09\/N\u00e1tierky-SHPAIZA-768x768.jpg 768w, https:\/\/shpaiza.sk\/wp-content\/uploads\/2020\/09\/N\u00e1tierky-SHPAIZA-1024x1024.jpg 1024w, https:\/\/shpaiza.sk\/wp-content\/uploads\/2020\/09\/N\u00e1tierky-SHPAIZA-600x600.jpg 600w, https:\/\/shpaiza.sk\/wp-content\/uploads\/2020\/09\/N\u00e1tierky-SHPAIZA-160x160.jpg 160w, https:\/\/shpaiza.sk\/wp-content\/uploads\/2020\/09\/N\u00e1tierky-SHPAIZA.jpg 1080w\" sizes=\"(max-width: 300px) 100vw, 300px\" \/> <img loading=\"lazy\" class=\"alignnone size-medium wp-image-1314\" src=\"https:\/\/shpaiza.sk\/wp-content\/uploads\/2020\/09\/Treska-300x300.jpg\" alt=\"\" width=\"300\" height=\"300\" srcset=\"https:\/\/shpaiza.sk\/wp-content\/uploads\/2020\/09\/Treska-300x300.jpg 300w, https:\/\/shpaiza.sk\/wp-content\/uploads\/2020\/09\/Treska-150x150.jpg 150w, https:\/\/shpaiza.sk\/wp-content\/uploads\/2020\/09\/Treska-768x768.jpg 768w, https:\/\/shpaiza.sk\/wp-content\/uploads\/2020\/09\/Treska-1024x1024.jpg 1024w, https:\/\/shpaiza.sk\/wp-content\/uploads\/2020\/09\/Treska-600x600.jpg 600w, https:\/\/shpaiza.sk\/wp-content\/uploads\/2020\/09\/Treska-160x160.jpg 160w, https:\/\/shpaiza.sk\/wp-content\/uploads\/2020\/09\/Treska.jpg 1080w\" sizes=\"(max-width: 300px) 100vw, 300px\" \/> <img loading=\"lazy\" class=\"alignnone size-medium wp-image-1315\" src=\"https:\/\/shpaiza.sk\/wp-content\/uploads\/2020\/09\/Yogurt-s-dom\u00e1cou-granolou-300x300.jpg\" alt=\"\" width=\"300\" height=\"300\" srcset=\"https:\/\/shpaiza.sk\/wp-content\/uploads\/2020\/09\/Yogurt-s-dom\u00e1cou-granolou-300x300.jpg 300w, https:\/\/shpaiza.sk\/wp-content\/uploads\/2020\/09\/Yogurt-s-dom\u00e1cou-granolou-150x150.jpg 150w, https:\/\/shpaiza.sk\/wp-content\/uploads\/2020\/09\/Yogurt-s-dom\u00e1cou-granolou-768x768.jpg 768w, https:\/\/shpaiza.sk\/wp-content\/uploads\/2020\/09\/Yogurt-s-dom\u00e1cou-granolou-1024x1024.jpg 1024w, https:\/\/shpaiza.sk\/wp-content\/uploads\/2020\/09\/Yogurt-s-dom\u00e1cou-granolou-600x600.jpg 600w, https:\/\/shpaiza.sk\/wp-content\/uploads\/2020\/09\/Yogurt-s-dom\u00e1cou-granolou-160x160.jpg 160w, https:\/\/shpaiza.sk\/wp-content\/uploads\/2020\/09\/Yogurt-s-dom\u00e1cou-granolou.jpg 1080w\" sizes=\"(max-width: 300px) 100vw, 300px\" \/><\/p>\n<p>Ra\u0148ajky v SHPAIZA za\u010d\u00ednaj\u00fa <strong>skvelou k\u00e1vou<\/strong> a na\u0161imi poctiv\u00fdmi dom\u00e1cimi produktami. Ka\u017ed\u00fd de\u0148 u n\u00e1s n\u00e1jdete <strong>v\u00fdber sez\u00f3nnych n\u00e1tierok<\/strong> s \u010derstvo pe\u010den\u00fdm <strong>kv\u00e1skov\u00fdm chlebom<\/strong>, dom\u00e1ce <strong>majon\u00e9zov\u00e9 \u0161al\u00e1ty<\/strong> (Treska, Par\u00ed\u017esky &#8211; aj majon\u00e9zu si pripravujeme sami), pri\u010dom v\u0161etky jedl\u00e1 V\u00e1m radi zabal\u00edme aj so sebou. Ak m\u00e1te chu\u0165 na nie\u010do tepl\u00e9, priprav\u00edme V\u00e1m kvalitn\u00e9 <strong>p\u00e1rky od \u0160tefana Kni\u017eku s na\u0161ou hor\u010dicou alebo BIO ke\u010dupom<\/strong>, v Petr\u017ealke v\u00e1m\u00a0 n\u00e1\u0161 team navy\u0161e naserv\u00edruje aj nezabudnute\u013en\u00fa <strong>pra\u017eenicu z vaj\u00ed\u010dok z rodinnej farmy v Topo\u013enici<\/strong>. Pre fan\u00fa\u0161ikov sladk\u00e9ho m\u00e1me v\u017edy v chladni\u010dke n\u00e1\u0161 <strong>jogurt s BIO tatransk\u00e9ho mlieka s granolou<\/strong> a sez\u00f3nnym lekv\u00e1rom alebo klasick\u00fa <strong>mramorov\u00fa b\u00e1bovku <\/strong>\u010di <strong>dom\u00e1ci pe\u010den\u00fd kol\u00e1\u010d<\/strong>.<\/p>\n<h2>Bohat\u00e1 polievka d\u0148a<\/h2>\n<p><img loading=\"lazy\" class=\"alignnone size-medium wp-image-449\" src=\"https:\/\/shpaiza.sk\/wp-content\/uploads\/2020\/03\/Bohat\u00e1-tekvicov\u00e1-polievka-300x300.jpg\" alt=\"\" width=\"300\" height=\"300\" srcset=\"https:\/\/shpaiza.sk\/wp-content\/uploads\/2020\/03\/Bohat\u00e1-tekvicov\u00e1-polievka-300x300.jpg 300w, https:\/\/shpaiza.sk\/wp-content\/uploads\/2020\/03\/Bohat\u00e1-tekvicov\u00e1-polievka-150x150.jpg 150w, https:\/\/shpaiza.sk\/wp-content\/uploads\/2020\/03\/Bohat\u00e1-tekvicov\u00e1-polievka-768x768.jpg 768w, https:\/\/shpaiza.sk\/wp-content\/uploads\/2020\/03\/Bohat\u00e1-tekvicov\u00e1-polievka.jpg 960w\" sizes=\"(max-width: 300px) 100vw, 300px\" \/><img loading=\"lazy\" class=\"alignnone size-medium wp-image-1033\" src=\"https:\/\/shpaiza.sk\/wp-content\/uploads\/2020\/07\/Le-Tourine-292x300.jpg\" alt=\"\" width=\"292\" height=\"300\" srcset=\"https:\/\/shpaiza.sk\/wp-content\/uploads\/2020\/07\/Le-Tourine-292x300.jpg 292w, https:\/\/shpaiza.sk\/wp-content\/uploads\/2020\/07\/Le-Tourine-768x790.jpg 768w, https:\/\/shpaiza.sk\/wp-content\/uploads\/2020\/07\/Le-Tourine-995x1024.jpg 995w, https:\/\/shpaiza.sk\/wp-content\/uploads\/2020\/07\/Le-Tourine-583x600.jpg 583w, https:\/\/shpaiza.sk\/wp-content\/uploads\/2020\/07\/Le-Tourine-156x160.jpg 156w, https:\/\/shpaiza.sk\/wp-content\/uploads\/2020\/07\/Le-Tourine.jpg 1493w\" sizes=\"(max-width: 292px) 100vw, 292px\" \/><img loading=\"lazy\" class=\"alignnone size-medium wp-image-355\" src=\"https:\/\/shpaiza.sk\/wp-content\/uploads\/2020\/01\/Polievka-Minestrone-300x300.jpg\" alt=\"\" width=\"300\" height=\"300\" srcset=\"https:\/\/shpaiza.sk\/wp-content\/uploads\/2020\/01\/Polievka-Minestrone-300x300.jpg 300w, https:\/\/shpaiza.sk\/wp-content\/uploads\/2020\/01\/Polievka-Minestrone-150x150.jpg 150w, https:\/\/shpaiza.sk\/wp-content\/uploads\/2020\/01\/Polievka-Minestrone-768x768.jpg 768w, https:\/\/shpaiza.sk\/wp-content\/uploads\/2020\/01\/Polievka-Minestrone.jpg 960w\" sizes=\"(max-width: 300px) 100vw, 300px\" \/><\/p>\n<p>Obed u n\u00e1s za\u010d\u00edna <strong>bohatou a s\u00fdtou sez\u00f3nnou polievkou<\/strong>. Polievka je v r\u00e1mci obedov\u00e9ho menu \u010dasto vn\u00edman\u00e1 len ako doplnok a pod\u013ea toho k nej ve\u013ea re\u0161taur\u00e1ci\u00ed a kant\u00edn pristupuje. U n\u00e1s je <strong>polievka na prvom mieste<\/strong> &#8211; denne \u010derstv\u00e1, z kvalitn\u00fdch surov\u00edn a <strong>v\u017edy s jedine\u010dn\u00fdm SHPAIZA &#8222;twistom&#8220;<\/strong>. Tradi\u010dn\u00e9 slovensk\u00e9 \u0161peciality ako <strong>10-hodinov\u00fd kurac\u00ed v\u00fdvar<\/strong> s \u010derstvou sez\u00f3nnou zeleninou alebo bryndzov\u00fd <strong>Demik\u00e1t <\/strong>striedaj\u00fa exotick\u00e9 polievky typu <strong>Marock\u00e1 &#8222;Harrira&#8220;, Tosk\u00e1nska &#8222;Ribollita&#8220;<\/strong> alebo <strong>Franc\u00fazske karfiolov\u00e9 &#8222;Velout\u00e9&#8220;<\/strong>. Polievku si viete od n\u00e1s vzia\u0165 aj so sebou a nesk\u00f4r zohria\u0165 v pr\u00e1ci alebo doma.<\/p>\n<h2>\u0160pecialita d\u0148a (vege \/ m\u00e4sov\u00e1)<\/h2>\n<p><img loading=\"lazy\" class=\"alignnone size-medium wp-image-390\" src=\"https:\/\/shpaiza.sk\/wp-content\/uploads\/2020\/03\/Mor\u010dacie-sot\u00e9-300x300.jpg\" alt=\"\" width=\"300\" height=\"300\" srcset=\"https:\/\/shpaiza.sk\/wp-content\/uploads\/2020\/03\/Mor\u010dacie-sot\u00e9-300x300.jpg 300w, https:\/\/shpaiza.sk\/wp-content\/uploads\/2020\/03\/Mor\u010dacie-sot\u00e9-150x150.jpg 150w, https:\/\/shpaiza.sk\/wp-content\/uploads\/2020\/03\/Mor\u010dacie-sot\u00e9-768x768.jpg 768w, https:\/\/shpaiza.sk\/wp-content\/uploads\/2020\/03\/Mor\u010dacie-sot\u00e9.jpg 960w\" sizes=\"(max-width: 300px) 100vw, 300px\" \/><img loading=\"lazy\" class=\"alignnone size-medium wp-image-354\" src=\"https:\/\/shpaiza.sk\/wp-content\/uploads\/2020\/01\/Bulgur-so-zeleninou-300x300.jpg\" alt=\"\" width=\"300\" height=\"300\" srcset=\"https:\/\/shpaiza.sk\/wp-content\/uploads\/2020\/01\/Bulgur-so-zeleninou-300x300.jpg 300w, https:\/\/shpaiza.sk\/wp-content\/uploads\/2020\/01\/Bulgur-so-zeleninou-150x150.jpg 150w, https:\/\/shpaiza.sk\/wp-content\/uploads\/2020\/01\/Bulgur-so-zeleninou-768x768.jpg 768w, https:\/\/shpaiza.sk\/wp-content\/uploads\/2020\/01\/Bulgur-so-zeleninou.jpg 960w\" sizes=\"(max-width: 300px) 100vw, 300px\" \/><img loading=\"lazy\" class=\"alignnone size-medium wp-image-1068\" src=\"https:\/\/shpaiza.sk\/wp-content\/uploads\/2020\/07\/Corque-Madame-300x300.jpg\" alt=\"\" width=\"300\" height=\"300\" srcset=\"https:\/\/shpaiza.sk\/wp-content\/uploads\/2020\/07\/Corque-Madame-300x300.jpg 300w, https:\/\/shpaiza.sk\/wp-content\/uploads\/2020\/07\/Corque-Madame-150x150.jpg 150w, https:\/\/shpaiza.sk\/wp-content\/uploads\/2020\/07\/Corque-Madame-768x768.jpg 768w, https:\/\/shpaiza.sk\/wp-content\/uploads\/2020\/07\/Corque-Madame-1024x1024.jpg 1024w, https:\/\/shpaiza.sk\/wp-content\/uploads\/2020\/07\/Corque-Madame-600x600.jpg 600w, https:\/\/shpaiza.sk\/wp-content\/uploads\/2020\/07\/Corque-Madame-160x160.jpg 160w, https:\/\/shpaiza.sk\/wp-content\/uploads\/2020\/07\/Corque-Madame.jpg 1080w\" sizes=\"(max-width: 300px) 100vw, 300px\" \/><\/p>\n<p>Denne pripravujeme v\u017edy <strong>dve (ne)tradi\u010dn\u00e9 tepl\u00e9 jedl\u00e1 z kvalitn\u00fdch sez\u00f3nnych surov\u00edn<\/strong>. T\u00fd\u017edenn\u00e9 obedov\u00e9 menu n\u00e1jdete na na\u0161om webe ka\u017ed\u00fd pondelok r\u00e1no a na ka\u017ed\u00fd de\u0148 m\u00e1me spravidla <strong>jednu vegetari\u00e1nku<\/strong> a<strong> druh\u00fa m<\/strong><strong>\u00e4sov\u00fa \u0161pecialitu. <\/strong>Obedy s\u00fa op\u00e4\u0165 in\u0161pirovan\u00e9 <strong>tradi\u010dnou slovenskou kuchy\u0148ou<\/strong> aj<strong> medzin\u00e1rodn\u00fdmi receptami. N\u00e1\u0161 team <\/strong>sa ka\u017ed\u00fd t\u00fd\u017ede\u0148 postar\u00e1 o nejak\u00fa novinku alebo prekvapenie ? Denn\u00e1 \u0161pecialita je pre na\u0161ich z\u00e1kazn\u00edkov v\u017edy <strong>zasl\u00fa\u017een\u00fd kulin\u00e1rsky z\u00e1\u017eitok<\/strong> v strede n\u00e1ro\u010dn\u00e9ho pracovn\u00e9ho d\u0148a.<\/p>\n<h2>Legend\u00e1rne &#8222;Empanadas&#8220;<\/h2>\n<p><img loading=\"lazy\" class=\"alignnone size-medium wp-image-1001\" src=\"https:\/\/shpaiza.sk\/wp-content\/uploads\/2020\/07\/Empanadas-pr\u00edprava-300x300.jpg\" alt=\"\" width=\"300\" height=\"300\" srcset=\"https:\/\/shpaiza.sk\/wp-content\/uploads\/2020\/07\/Empanadas-pr\u00edprava-300x300.jpg 300w, https:\/\/shpaiza.sk\/wp-content\/uploads\/2020\/07\/Empanadas-pr\u00edprava-150x150.jpg 150w, https:\/\/shpaiza.sk\/wp-content\/uploads\/2020\/07\/Empanadas-pr\u00edprava-768x768.jpg 768w, https:\/\/shpaiza.sk\/wp-content\/uploads\/2020\/07\/Empanadas-pr\u00edprava-1024x1024.jpg 1024w, https:\/\/shpaiza.sk\/wp-content\/uploads\/2020\/07\/Empanadas-pr\u00edprava-600x600.jpg 600w, https:\/\/shpaiza.sk\/wp-content\/uploads\/2020\/07\/Empanadas-pr\u00edprava-160x160.jpg 160w, https:\/\/shpaiza.sk\/wp-content\/uploads\/2020\/07\/Empanadas-pr\u00edprava.jpg 1080w\" sizes=\"(max-width: 300px) 100vw, 300px\" \/><img loading=\"lazy\" class=\"alignnone size-medium wp-image-879\" src=\"https:\/\/shpaiza.sk\/wp-content\/uploads\/2020\/06\/Empanadas-a-la-SHPAIZA-300x300.jpg\" alt=\"\" width=\"300\" height=\"300\" srcset=\"https:\/\/shpaiza.sk\/wp-content\/uploads\/2020\/06\/Empanadas-a-la-SHPAIZA-300x300.jpg 300w, https:\/\/shpaiza.sk\/wp-content\/uploads\/2020\/06\/Empanadas-a-la-SHPAIZA-150x150.jpg 150w, https:\/\/shpaiza.sk\/wp-content\/uploads\/2020\/06\/Empanadas-a-la-SHPAIZA-768x768.jpg 768w, https:\/\/shpaiza.sk\/wp-content\/uploads\/2020\/06\/Empanadas-a-la-SHPAIZA-600x600.jpg 600w, https:\/\/shpaiza.sk\/wp-content\/uploads\/2020\/06\/Empanadas-a-la-SHPAIZA-160x160.jpg 160w, https:\/\/shpaiza.sk\/wp-content\/uploads\/2020\/06\/Empanadas-a-la-SHPAIZA.jpg 960w\" sizes=\"(max-width: 300px) 100vw, 300px\" \/><img loading=\"lazy\" class=\"alignnone size-medium wp-image-926\" src=\"https:\/\/shpaiza.sk\/wp-content\/uploads\/2020\/06\/Letn\u00fd-st\u00f4l-240x300.jpg\" alt=\"\" width=\"240\" height=\"300\" srcset=\"https:\/\/shpaiza.sk\/wp-content\/uploads\/2020\/06\/Letn\u00fd-st\u00f4l-240x300.jpg 240w, https:\/\/shpaiza.sk\/wp-content\/uploads\/2020\/06\/Letn\u00fd-st\u00f4l.jpg 768w, https:\/\/shpaiza.sk\/wp-content\/uploads\/2020\/06\/Letn\u00fd-st\u00f4l-480x600.jpg 480w, https:\/\/shpaiza.sk\/wp-content\/uploads\/2020\/06\/Letn\u00fd-st\u00f4l-128x160.jpg 128w\" sizes=\"(max-width: 240px) 100vw, 240px\" \/><\/p>\n<p><strong>Empanada<\/strong> je najzn\u00e1mej\u0161\u00ed <strong>street-food Ju\u017enej Ameriky. <\/strong>Poch\u00e1dza <strong>zo \u0161panielskeho \u201eempenar\u201c<\/strong> \u010do m\u00f4\u017eeme vo\u013ene prelo\u017ei\u0165 ako <strong>\u201eobalen\u00fd v chlebe\u201c. <\/strong>Z\u00e1kladom t\u00fdch na\u0161ich je <strong>100% natur\u00e1lne<\/strong> dom\u00e1ce <strong>maslov\u00e9 cesto,<\/strong> ktor\u00e9 ka\u017ed\u00fd de\u0148 pln\u00edme <strong>sez\u00f3nnymi m\u00e4sov\u00fdmi aj vegetari\u00e1nskymi plnkami<\/strong>. K ob\u013e\u00faben\u00fdm vegetari\u00e1nskym vari\u00e1ci\u00e1m patria napr\u00edklad <strong>bryndzov\u00e9, tekvicov\u00e9, kapustn\u00edky<\/strong> alebo <strong>modr\u00fd syr so su\u0161en\u00fdmi raj\u010dinami<\/strong>. &#8222;M\u00e4sojedov&#8220; zase pote\u0161ia n\u00e1\u0161<strong> dom\u00e1ci seged\u00edn,<\/strong> <strong>bolognese<\/strong> alebo <strong>\u0161unkovo-syrov\u00e1<\/strong> plnka z kvalitn\u00e9ho DUROC brav\u010dov\u00e9ho, pr\u00edpadne <strong>kura-kari<\/strong> z kuracieho m\u00e4ska z farmy Topo\u013enica. Empanady <strong>s\u00fa dokonal\u00e9 na TakeAway<\/strong> a po\u010das d\u0148a nijako nestr\u00e1caj\u00fa na chuti a kvalite, tak\u017ee s\u00fa vhodn\u00e9 aj na ve\u010deru. V r\u00e1mci zv\u00fdhodnen\u00fdch <strong>&#8222;COMBO\u00b4s&#8220;<\/strong> si ich m\u00f4\u017eete da\u0165 u n\u00e1s <strong>s polievkou d\u0148a<\/strong> a\/alebo s <strong>\u010derstv\u00fdm sez\u00f3nnym \u0161al\u00e1tom<\/strong>.<\/p>\n<h2>Najlep\u0161\u00ed Quiche v meste<\/h2>\n<p><img loading=\"lazy\" class=\"alignnone size-medium wp-image-1005\" src=\"https:\/\/shpaiza.sk\/wp-content\/uploads\/2020\/07\/V\u00fdh\u013ead-spoza-pultu-300x300.jpg\" alt=\"\" width=\"300\" height=\"300\" srcset=\"https:\/\/shpaiza.sk\/wp-content\/uploads\/2020\/07\/V\u00fdh\u013ead-spoza-pultu-300x300.jpg 300w, https:\/\/shpaiza.sk\/wp-content\/uploads\/2020\/07\/V\u00fdh\u013ead-spoza-pultu-150x150.jpg 150w, https:\/\/shpaiza.sk\/wp-content\/uploads\/2020\/07\/V\u00fdh\u013ead-spoza-pultu-768x768.jpg 768w, https:\/\/shpaiza.sk\/wp-content\/uploads\/2020\/07\/V\u00fdh\u013ead-spoza-pultu-1024x1024.jpg 1024w, https:\/\/shpaiza.sk\/wp-content\/uploads\/2020\/07\/V\u00fdh\u013ead-spoza-pultu-600x600.jpg 600w, https:\/\/shpaiza.sk\/wp-content\/uploads\/2020\/07\/V\u00fdh\u013ead-spoza-pultu-160x160.jpg 160w, https:\/\/shpaiza.sk\/wp-content\/uploads\/2020\/07\/V\u00fdh\u013ead-spoza-pultu.jpg 1080w\" sizes=\"(max-width: 300px) 100vw, 300px\" \/><img loading=\"lazy\" class=\"alignnone size-medium wp-image-1023\" src=\"https:\/\/shpaiza.sk\/wp-content\/uploads\/2020\/07\/\u0160al\u00e1tov\u00fd-bar-300x300.jpg\" alt=\"\" width=\"300\" height=\"300\" srcset=\"https:\/\/shpaiza.sk\/wp-content\/uploads\/2020\/07\/\u0160al\u00e1tov\u00fd-bar-300x300.jpg 300w, https:\/\/shpaiza.sk\/wp-content\/uploads\/2020\/07\/\u0160al\u00e1tov\u00fd-bar-150x150.jpg 150w, https:\/\/shpaiza.sk\/wp-content\/uploads\/2020\/07\/\u0160al\u00e1tov\u00fd-bar-768x768.jpg 768w, https:\/\/shpaiza.sk\/wp-content\/uploads\/2020\/07\/\u0160al\u00e1tov\u00fd-bar-1024x1024.jpg 1024w, https:\/\/shpaiza.sk\/wp-content\/uploads\/2020\/07\/\u0160al\u00e1tov\u00fd-bar-600x600.jpg 600w, https:\/\/shpaiza.sk\/wp-content\/uploads\/2020\/07\/\u0160al\u00e1tov\u00fd-bar-160x160.jpg 160w, https:\/\/shpaiza.sk\/wp-content\/uploads\/2020\/07\/\u0160al\u00e1tov\u00fd-bar.jpg 1080w\" sizes=\"(max-width: 300px) 100vw, 300px\" \/><img loading=\"lazy\" class=\"alignnone size-medium wp-image-902\" src=\"https:\/\/shpaiza.sk\/wp-content\/uploads\/2020\/06\/N\u00e1vrat-n\u00e1\u0161ho-Quiche-240x300.jpg\" alt=\"\" width=\"240\" height=\"300\" srcset=\"https:\/\/shpaiza.sk\/wp-content\/uploads\/2020\/06\/N\u00e1vrat-n\u00e1\u0161ho-Quiche-240x300.jpg 240w, https:\/\/shpaiza.sk\/wp-content\/uploads\/2020\/06\/N\u00e1vrat-n\u00e1\u0161ho-Quiche.jpg 768w, https:\/\/shpaiza.sk\/wp-content\/uploads\/2020\/06\/N\u00e1vrat-n\u00e1\u0161ho-Quiche-480x600.jpg 480w, https:\/\/shpaiza.sk\/wp-content\/uploads\/2020\/06\/N\u00e1vrat-n\u00e1\u0161ho-Quiche-128x160.jpg 128w\" sizes=\"(max-width: 240px) 100vw, 240px\" \/><\/p>\n<p><strong>Slan\u00fd pe\u010den\u00fd kol\u00e1\u010d Quiche<\/strong> so smotanovo-vaj\u00ed\u010dkovou plnkou sme si po\u017ei\u010dali od na\u0161ich franc\u00fazskych priate\u013eov ako ide\u00e1lnu alternat\u00edvu <strong>\u013eahk\u00e9ho, sez\u00f3nneho a s\u00fdteho obeda. <\/strong>Ak sa pon\u00e1h\u013eate, quiche je <strong>ide\u00e1lny spolo\u010dn\u00edk na TakeAway<\/strong>, navy\u0161e po\u010das prepravy a \u010dakania na V\u00e1s nestr\u00e1ca na kvalite ani chuti. Quiche si u n\u00e1s m\u00f4\u017eete da\u0165 ako <strong>&#8222;Mal\u00e9 COMBO&#8220; s polievkou<\/strong> a\/alebo s <strong>\u010derstv\u00fdm sez\u00f3nnym \u0161al\u00e1tom.<\/strong> \u0160al\u00e1ty sa menia ka\u017ed\u00fd de\u0148 &#8211;<strong> v lete <\/strong>obsahuj\u00fa <strong>viacej listovej zeleniny, v zime<\/strong> ich zase obohacujeme o tradi\u010dn\u00e9 lok\u00e1lne <strong>obilniny, strukoviny a pe\u010den\u00fa \u010di nakladan\u00fa zeleninu. <\/strong>Quiche tie\u017e <strong>vrelo odpor\u00fa\u010dame klientom na firemn\u00e9 porady<\/strong> ke\u010f nie je \u010das na klasick\u00fd obed v re\u0161taur\u00e1cii.<\/p>\n<h2>Dom\u00e1ce kol\u00e1\u010de<\/h2>\n<p>Okrem kvalitn\u00e9ho jedla pe\u010dieme ka\u017ed\u00fd de\u0148 v na\u0161ej pek\u00e1rni <strong>\u010derstv\u00e9 sez\u00f3nne kol\u00e1\u010de<\/strong>. Aj tu ost\u00e1vame vern\u00ed na\u0161ej zna\u010dke okrem tradi\u010dn\u00fdch slovensk\u00fdch a \u010desk\u00fdch receptov objav\u00edte u n\u00e1s aj in\u0161pirat\u00edvne novinky a prekvapenia ? K stabiln\u00fdm favoritom patria napr\u00edklad:<\/p>\n<ul>\n<li>Nabu\u0161en\u00fd<strong> moravsk\u00fd kol\u00e1\u010d<br \/>\n<\/strong><\/li>\n<li><strong>\u0160koricov\u00fd slim\u00e1k<\/strong> s vanilkovou polevou<\/li>\n<li><strong>Dom\u00e1ce buchty<br \/>\n<\/strong><\/li>\n<li><strong>Krtkov\u00e1 torti\u010dka\u00a0<\/strong><\/li>\n<li><strong>Opit\u00fd Izidor<\/strong><\/li>\n<li><strong>Brownie<\/strong> z\u00a0belgickej horkej \u010dokol\u00e1dy<\/li>\n<\/ul>\n<p><img loading=\"lazy\" class=\"alignnone wp-image-1534 size-medium\" src=\"https:\/\/shpaiza.sk\/wp-content\/uploads\/2021\/03\/Slimaky-s-pistaciami-300x300.jpg\" alt=\"\" width=\"300\" height=\"300\" srcset=\"https:\/\/shpaiza.sk\/wp-content\/uploads\/2021\/03\/Slimaky-s-pistaciami-300x300.jpg 300w, https:\/\/shpaiza.sk\/wp-content\/uploads\/2021\/03\/Slimaky-s-pistaciami-1024x1024.jpg 1024w, https:\/\/shpaiza.sk\/wp-content\/uploads\/2021\/03\/Slimaky-s-pistaciami-150x150.jpg 150w, https:\/\/shpaiza.sk\/wp-content\/uploads\/2021\/03\/Slimaky-s-pistaciami-768x768.jpg 768w, https:\/\/shpaiza.sk\/wp-content\/uploads\/2021\/03\/Slimaky-s-pistaciami-600x600.jpg 600w, https:\/\/shpaiza.sk\/wp-content\/uploads\/2021\/03\/Slimaky-s-pistaciami-160x160.jpg 160w, https:\/\/shpaiza.sk\/wp-content\/uploads\/2021\/03\/Slimaky-s-pistaciami.jpg 1080w\" sizes=\"(max-width: 300px) 100vw, 300px\" \/><img loading=\"lazy\" class=\"alignnone size-medium wp-image-1541\" src=\"https:\/\/shpaiza.sk\/wp-content\/uploads\/2021\/03\/Domace-muffiny-300x300.jpg\" alt=\"\" width=\"300\" height=\"300\" srcset=\"https:\/\/shpaiza.sk\/wp-content\/uploads\/2021\/03\/Domace-muffiny-300x300.jpg 300w, https:\/\/shpaiza.sk\/wp-content\/uploads\/2021\/03\/Domace-muffiny-1024x1024.jpg 1024w, https:\/\/shpaiza.sk\/wp-content\/uploads\/2021\/03\/Domace-muffiny-150x150.jpg 150w, https:\/\/shpaiza.sk\/wp-content\/uploads\/2021\/03\/Domace-muffiny-768x768.jpg 768w, https:\/\/shpaiza.sk\/wp-content\/uploads\/2021\/03\/Domace-muffiny-600x600.jpg 600w, https:\/\/shpaiza.sk\/wp-content\/uploads\/2021\/03\/Domace-muffiny-160x160.jpg 160w, https:\/\/shpaiza.sk\/wp-content\/uploads\/2021\/03\/Domace-muffiny.jpg 1080w\" sizes=\"(max-width: 300px) 100vw, 300px\" \/><img loading=\"lazy\" class=\"alignnone size-medium wp-image-1595\" src=\"https:\/\/shpaiza.sk\/wp-content\/uploads\/2021\/04\/Moravske-kolace-300x300.jpg\" alt=\"\" width=\"300\" height=\"300\" srcset=\"https:\/\/shpaiza.sk\/wp-content\/uploads\/2021\/04\/Moravske-kolace-300x300.jpg 300w, https:\/\/shpaiza.sk\/wp-content\/uploads\/2021\/04\/Moravske-kolace-1024x1024.jpg 1024w, https:\/\/shpaiza.sk\/wp-content\/uploads\/2021\/04\/Moravske-kolace-150x150.jpg 150w, https:\/\/shpaiza.sk\/wp-content\/uploads\/2021\/04\/Moravske-kolace-768x768.jpg 768w, https:\/\/shpaiza.sk\/wp-content\/uploads\/2021\/04\/Moravske-kolace-600x600.jpg 600w, https:\/\/shpaiza.sk\/wp-content\/uploads\/2021\/04\/Moravske-kolace-160x160.jpg 160w, https:\/\/shpaiza.sk\/wp-content\/uploads\/2021\/04\/Moravske-kolace.jpg 1080w\" sizes=\"(max-width: 300px) 100vw, 300px\" \/><\/p>\n","protected":false},"excerpt":{"rendered":"<p>SHPAIZA Bistro a TakeAway je tu pre v\u0161etk\u00fdch, ktor\u00ed h\u013eadaj\u00fa kvalitn\u00e9 r\u00fdchle ob\u010derstvenie pripravovan\u00e9 z \u010derstv\u00fdch sez\u00f3nnych surov\u00edn. N\u00e1\u0161 executive chef Peter spolu so zakladate\u013emi Marianom, Evkou a roz\u0161iruj\u00facim sa teamom kolegov pre V\u00e1s zostavili jedine\u010dn\u00fd koncept sez\u00f3nnych polievok, denn\u00fdch vege aj m\u00e4sov\u00fdch \u0161pecial\u00edt, letn\u00fdch aj zimn\u00fdch \u0161al\u00e1tov a TakeAway produktov. Na\u0161e jedl\u00e1 s\u00fa in\u0161pirovan\u00e9 [&hellip;]<\/p>\n","protected":false},"author":1,"featured_media":0,"parent":0,"menu_order":2,"comment_status":"closed","ping_status":"closed","template":"","meta":[],"_links":{"self":[{"href":"https:\/\/shpaiza.sk\/index.php?rest_route=\/wp\/v2\/pages\/256"}],"collection":[{"href":"https:\/\/shpaiza.sk\/index.php?rest_route=\/wp\/v2\/pages"}],"about":[{"href":"https:\/\/shpaiza.sk\/index.php?rest_route=\/wp\/v2\/types\/page"}],"author":[{"embeddable":true,"href":"https:\/\/shpaiza.sk\/index.php?rest_route=\/wp\/v2\/users\/1"}],"replies":[{"embeddable":true,"href":"https:\/\/shpaiza.sk\/index.php?rest_route=%2Fwp%2Fv2%2Fcomments&post=256"}],"version-history":[{"count":5,"href":"https:\/\/shpaiza.sk\/index.php?rest_route=\/wp\/v2\/pages\/256\/revisions"}],"predecessor-version":[{"id":1596,"href":"https:\/\/shpaiza.sk\/index.php?rest_route=\/wp\/v2\/pages\/256\/revisions\/1596"}],"wp:attachment":[{"href":"https:\/\/shpaiza.sk\/index.php?rest_route=%2Fwp%2Fv2%2Fmedia&parent=256"}],"curies":[{"name":"wp","href":"https:\/\/api.w.org\/{rel}","templated":true}]}}