{"id":250,"date":"2019-12-03T16:36:21","date_gmt":"2019-12-03T15:36:21","guid":{"rendered":"http:\/\/shpaiza.sk\/?page_id=250"},"modified":"2021-09-20T18:18:12","modified_gmt":"2021-09-20T16:18:12","slug":"rozvoz-obedov","status":"publish","type":"page","link":"https:\/\/shpaiza.sk\/?page_id=250","title":{"rendered":"Catering"},"content":{"rendered":"<p>Ak chcete pote\u0161i\u0165 Va\u0161ich zamestnancov alebo obchodn\u00fdch partnerov a pripravi\u0165 im chutn\u00e9 sez\u00f3nne ob\u010derstvenie, SHPAIZA TakeAway je tu pr\u00e1ve pre V\u00e1s. Na\u0161e produkty s\u00fa ide\u00e1lne pre:<\/p>\n<ul>\n<li><span style=\"text-decoration: underline;\"><strong>Firemn\u00e9 ra\u0148ajky<\/strong><\/span> a teambulding<\/li>\n<li>Kvalitn\u00e9 <strong><span style=\"text-decoration: underline;\">ob\u010derstvenie pri stretnutiach mana\u017ementu<\/span><\/strong> a d\u00f4le\u017eit\u00fdch obchodn\u00fdch meetingoch<\/li>\n<li><span style=\"text-decoration: underline;\"><strong>Catering<\/strong><\/span> pre <span style=\"text-decoration: underline;\"><strong>s\u00fakromn\u00e9 <\/strong><strong>eventy, akcie a svadby <\/strong><\/span><\/li>\n<li><span style=\"text-decoration: underline;\"><strong>Ob\u010derstvenie pri ochutn\u00e1vk<\/strong><strong>a<\/strong><strong>ch<\/strong><strong> v\u00edna, piva<\/strong><\/span> a pod.<\/li>\n<\/ul>\n<p>Ka\u017ed\u00fd catering prisp\u00f4sobujeme po\u017eiadavk\u00e1m z\u00e1kazn\u00edka, aktu\u00e1lnej sez\u00f3ne a podmienkam servisu na danom mieste. <strong><br \/>\n<\/strong><\/p>\n<p>V pr\u00edpade V\u00e1\u0161ho z\u00e1ujmu n\u00e1m pros\u00edm zavolajte na <span style=\"text-decoration: underline;\"><strong>0907 432 236<\/strong><\/span> alebo nap\u00ed\u0161te na <strong><a href=\"mailto:info@shpaiza.sk\">info@shpaiza.sk<\/a><\/strong> a priprav\u00edme V\u00e1m na mieru \u0161it\u00fa ponuku.<\/p>\n<p><img loading=\"lazy\" class=\"alignnone size-medium wp-image-1320\" src=\"https:\/\/shpaiza.sk\/wp-content\/uploads\/2020\/09\/Catering-DM-2-300x300.jpg\" alt=\"\" width=\"300\" height=\"300\" srcset=\"https:\/\/shpaiza.sk\/wp-content\/uploads\/2020\/09\/Catering-DM-2-300x300.jpg 300w, https:\/\/shpaiza.sk\/wp-content\/uploads\/2020\/09\/Catering-DM-2-150x150.jpg 150w, https:\/\/shpaiza.sk\/wp-content\/uploads\/2020\/09\/Catering-DM-2-768x768.jpg 768w, https:\/\/shpaiza.sk\/wp-content\/uploads\/2020\/09\/Catering-DM-2-1024x1024.jpg 1024w, https:\/\/shpaiza.sk\/wp-content\/uploads\/2020\/09\/Catering-DM-2-600x600.jpg 600w, https:\/\/shpaiza.sk\/wp-content\/uploads\/2020\/09\/Catering-DM-2-160x160.jpg 160w, https:\/\/shpaiza.sk\/wp-content\/uploads\/2020\/09\/Catering-DM-2.jpg 1080w\" sizes=\"(max-width: 300px) 100vw, 300px\" \/><img loading=\"lazy\" class=\"alignnone size-medium wp-image-1323\" src=\"https:\/\/shpaiza.sk\/wp-content\/uploads\/2020\/09\/ToxPro-catering-300x300.jpg\" alt=\"\" width=\"300\" height=\"300\" srcset=\"https:\/\/shpaiza.sk\/wp-content\/uploads\/2020\/09\/ToxPro-catering-300x300.jpg 300w, https:\/\/shpaiza.sk\/wp-content\/uploads\/2020\/09\/ToxPro-catering-150x150.jpg 150w, https:\/\/shpaiza.sk\/wp-content\/uploads\/2020\/09\/ToxPro-catering-768x768.jpg 768w, https:\/\/shpaiza.sk\/wp-content\/uploads\/2020\/09\/ToxPro-catering-1024x1024.jpg 1024w, https:\/\/shpaiza.sk\/wp-content\/uploads\/2020\/09\/ToxPro-catering-600x600.jpg 600w, https:\/\/shpaiza.sk\/wp-content\/uploads\/2020\/09\/ToxPro-catering-160x160.jpg 160w, https:\/\/shpaiza.sk\/wp-content\/uploads\/2020\/09\/ToxPro-catering.jpg 1080w\" sizes=\"(max-width: 300px) 100vw, 300px\" \/><img loading=\"lazy\" class=\"alignnone size-medium wp-image-1321\" src=\"https:\/\/shpaiza.sk\/wp-content\/uploads\/2020\/09\/Catering-DM-1-300x300.jpg\" alt=\"\" width=\"300\" height=\"300\" srcset=\"https:\/\/shpaiza.sk\/wp-content\/uploads\/2020\/09\/Catering-DM-1-300x300.jpg 300w, https:\/\/shpaiza.sk\/wp-content\/uploads\/2020\/09\/Catering-DM-1-150x150.jpg 150w, https:\/\/shpaiza.sk\/wp-content\/uploads\/2020\/09\/Catering-DM-1-768x768.jpg 768w, https:\/\/shpaiza.sk\/wp-content\/uploads\/2020\/09\/Catering-DM-1-1024x1024.jpg 1024w, https:\/\/shpaiza.sk\/wp-content\/uploads\/2020\/09\/Catering-DM-1-600x600.jpg 600w, https:\/\/shpaiza.sk\/wp-content\/uploads\/2020\/09\/Catering-DM-1-160x160.jpg 160w, https:\/\/shpaiza.sk\/wp-content\/uploads\/2020\/09\/Catering-DM-1.jpg 1080w\" sizes=\"(max-width: 300px) 100vw, 300px\" \/><\/p>\n<p><strong><u>V\u0160EOBECN\u00c9 OBCHODN\u00c9 PODMIENKY<br \/>\n<\/u><\/strong><\/p>\n<p><strong><u>Platn\u00e9 od 1.1.2020 <\/u><\/strong><\/p>\n<ol>\n<li><strong> <u>OBJEDN\u00c1VKA<\/u><\/strong><\/li>\n<\/ol>\n<p><strong><u>Kupuj\u00faci<\/u><\/strong> z\u00e1v\u00e4zne objedn\u00e1va slu\u017eby alebo tovar od <strong><u>Pred\u00e1vaj\u00faceho <\/u><\/strong>elektronicky odoslan\u00edm e-mailov\u00e9ho potvrdenia cenovej ponuky, ktor\u00e1 mu bola predlo\u017een\u00e1 Pred\u00e1vaj\u00facim spravidla elektronicky mailom spolu s\u00a0cenovou kalkul\u00e1ciou vo form\u00e9te xlsx (Microsoft Excel). Cenov\u00e1 ponuka m\u00e1 spravidla platnos\u0165 najviac 1 mesiac od d\u00e1tumu vystavenia. Kupuj\u00faci je povinn\u00fd uvies\u0165 do objedn\u00e1vkov\u00e9ho formul\u00e1ra nasledovn\u00e9 \u00fadaje:<\/p>\n<ul>\n<li>meno a priezvisko kupuj\u00faceho<\/li>\n<li>adresu kupuj\u00faceho<\/li>\n<li>\u00fapravy po\u010dtu porci\u00ed alebo in\u00e9 \u00fapravy cenovej kalkul\u00e1cie, ktor\u00e9 po\u017eaduje<\/li>\n<li>adresu dodania slu\u017eby<\/li>\n<li>telefonick\u00fd a emailov\u00fd kontakt<\/li>\n<\/ul>\n<p>ak je kupuj\u00faci pr\u00e1vnick\u00e1 osoba mus\u00ed uvies\u0165 aj I\u010cO a DI\u010c, platcovia DPH uv\u00e1dzaj\u00fa aj I\u010c DPH. V danom pr\u00edpade sa zmluvn\u00fd vz\u0165ah riadi ustanoveniami obchodn\u00e9ho z\u00e1konn\u00edka o k\u00fapnej zmluve.<\/p>\n<p>Po obdr\u017ean\u00ed objedn\u00e1vky Pred\u00e1vaj\u00faci potvrd\u00ed objedn\u00e1vku Kupuj\u00facemu telefonicky, pr\u00edpadne aj emailom. Obchodn\u00e9 podmienky platn\u00e9 v de\u0148 uzavretia zmluvy s\u00fa archivovan\u00e9 u Pred\u00e1vaj\u00faceho a s\u00fa pre Kupuj\u00faceho dostupn\u00e9 na vy\u017eiadanie. Potvrden\u00e1 objedn\u00e1vka mus\u00ed obsahova\u0165 \u00fadaje o sp\u00f4sobe a term\u00edne dodania slu\u017eby. Zmluvy uzavret\u00e9 na dia\u013eku m\u00f4\u017eu by\u0165 zmenen\u00e9 iba s v\u00fdslovn\u00fdm s\u00fahlasom oboch zmluvn\u00fdch str\u00e1n.<\/p>\n<ol start=\"2\">\n<li><strong><u> ZMLUVN\u00c9 STRANY<\/u><\/strong><\/li>\n<\/ol>\n<p><strong>PRED\u00c1VAJ\u00daCI:<\/strong><\/p>\n<p>HOPES s. r. o.<\/p>\n<p>Mudro\u0148ova 7492\/3B 811 01 Bratislava &#8211; mestsk\u00e1 \u010das\u0165 Star\u00e9 Mesto<\/p>\n<p>I\u010cO: 47175672<\/p>\n<p>DI\u010c: 2023782992<\/p>\n<p>I\u010c DPH: SK2023782992<\/p>\n<p><strong>KUPUJ\u00daCI:<\/strong><\/p>\n<p>Fyzick\u00e1 alebo pr\u00e1vnick\u00e1 osoba, ktor\u00e1 si z\u00e1v\u00e4zne objednala slu\u017eby a\/alebo tovar a ktor\u00e1 riadne a pravdivo uviedla \u00fadaje potrebn\u00e9 na jej identifik\u00e1ciu tak ako s\u00fa po\u017eadovan\u00e9 v t\u00fdchto Obchodn\u00fdch podmienkach.<\/p>\n<ol start=\"3\">\n<li><u> <\/u><strong><u>OPIS SLU\u017dBY \/ TOVARU <\/u><\/strong><\/li>\n<\/ol>\n<p>Pred\u00e1vaj\u00faci poskytuje slu\u017eby firemn\u00e9ho a\u00a0eventov\u00e9ho cateringu \/ ob\u010derstvenia pre spolo\u010densk\u00e9 udalosti, akcie, firemn\u00e9 stretnutia a\u00a0in\u00e9 obdobn\u00e9 eventy. Celkov\u00e1 cena dodania tovaru \/ slu\u017eby je spravidla tvoren\u00e1 viacer\u00fdmi zlo\u017ekami vr\u00e1tane:<\/p>\n<ul>\n<li>ceny samotn\u00fdch produktov \/ tovarov<\/li>\n<li>ceny balenia<\/li>\n<li>n\u00e1kladov na dovoz ob\u010derstvenia a\u00a0odvozu a\u00a0likvid\u00e1ciu obalov a\u00a0odpadu<\/li>\n<li>slu\u017eieb samotn\u00e9ho servisu na mieste<\/li>\n<li>administrat\u00edvnych a\u00a0organiza\u010dn\u00fdch n\u00e1kladov spojen\u00fdch s\u00a0celkovou organiz\u00e1ciou a\u00a0faktur\u00e1ciou danej objedn\u00e1vky<\/li>\n<\/ul>\n<p>V\u0161etky ceny za tovar a slu\u017eby a v\u0161etky s\u00fa uv\u00e1dzan\u00e9 bez DPH.<\/p>\n<ol start=\"4\">\n<li><strong><u> STORNO OBJEDN\u00c1VKY<\/u><\/strong><\/li>\n<\/ol>\n<p>Objedn\u00e1vku je mo\u017en\u00e9 stornova\u0165 zo strany Objedn\u00e1vaj\u00faceho najnesk\u00f4r 2 t\u00fd\u017edne pred dohodnut\u00fdm term\u00ednom poskytnutia slu\u017eieb \/ dod\u00e1vky prostredn\u00edctvom elektronickej po\u0161ty alebo telefonicky. \u0160tandardn\u00fd storno-poplatok za zru\u0161en\u00fa objedn\u00e1vku pokr\u00fdvaj\u00faci administrat\u00edvne a\u00a0organiza\u010dn\u00e9 n\u00e1klady spojen\u00e9 s\u00a0nezrealizovanou objedn\u00e1vkou \u010din\u00ed 10% z\u00a0celkovej hodnoty objedn\u00e1vky bez DPH.<\/p>\n<p>A\u00a0chce Objedn\u00e1vaj\u00faci stornova\u0165 objedn\u00e1vku v\u00a0krat\u0161om term\u00edne, ako s\u00fa 2 t\u00fd\u017edne pred term\u00ednom poskytnutia slu\u017eieb \/ dod\u00e1vky tovaru, m\u00e1 Pred\u00e1vaj\u00faci pr\u00e1vo pod\u013ea aktu\u00e1lneho stavu objedn\u00e1vky, nak\u00fapen\u00fdch surov\u00edn a\u00a0vynalo\u017een\u00e9ho \u00fasilia fakturova\u0165 Objedn\u00e1vaj\u00facemu storno-poplatok alikvotne vo v\u00fd\u0161ke od 10% do 100% z\u00a0celkovej hodnoty objedn\u00e1vky bez DPH pod\u013ea stavu rozpracovanosti danej objedn\u00e1vky.<\/p>\n<p>Pred\u00e1vaj\u00faci m\u00e1 pr\u00e1vo stornova\u0165 objedn\u00e1vku, ak z d\u00f4vodu vypredania z\u00e1sob, nedostupnosti tovaru alebo posunu term\u00ednu objedn\u00e1vky bez zavinenia Pred\u00e1vaj\u00facim na term\u00edn, ktor\u00fd Pred\u00e1vaj\u00faci z\u00a0ak\u00fdchko\u013evek d\u00f4vodov nevie realizova\u0165, nie je schopn\u00fd doda\u0165 tovar z\u00e1kazn\u00edkovi v lehote ur\u010denej t\u00fdmito obchodn\u00fdmi podmienkami. O stornovan\u00ed objedn\u00e1vky bude Kupuj\u00faci informovan\u00fd telefonicky alebo e-mailom a v pr\u00edpade \u00fahrady k\u00fapnej ceny alebo jej \u010dasti mu bud\u00fa finan\u010dn\u00e9 prostriedky vr\u00e1ten\u00e9 v\u00a0dohodnutom term\u00edne na n\u00edm ur\u010den\u00fd \u00fa\u010det, pokia\u013e sa s Pred\u00e1vaj\u00facim nedohodne inak.<\/p>\n<ol start=\"5\">\n<li><u> <\/u><strong><u>OCHRANA OSOBN\u00ddCH \u00daDAJOV<\/u><\/strong><\/li>\n<\/ol>\n<p>Re\u0161pektujeme Va\u0161e s\u00fakromie. Aby sme V\u00e1m mohli pon\u00faknu\u0165 hodnotn\u00e9 slu\u017eby, potrebujeme pozna\u0165 niektor\u00e9 Va\u0161e osobn\u00e9 \u00fadaje. Ak je Kupuj\u00faci fyzick\u00e1 osoba, zad\u00e1va pri registr\u00e1cii tieto \u00fadaje: Meno a priezvisko, \u00dapln\u00e1 po\u0161tovn\u00e1 adresa, Adresa elektronickej po\u0161ty, Telef\u00f3nne \u010d\u00edslo. Ak je Kupuj\u00faci pr\u00e1vnick\u00e1 osoba, zad\u00e1va pri registr\u00e1cii naviac N\u00e1zov firmy, I\u010cO, DI\u010c. Tieto inform\u00e1cie s\u00fa nevyhnutn\u00e9 pre identifik\u00e1ciu Kupuj\u00faceho a pr\u00edpadn\u00fa komunik\u00e1ciu. Z\u00e1rove\u0148 umo\u017e\u0148uj\u00fa previes\u0165 nevyhnutn\u00e9 \u00fa\u010dtovn\u00e9 oper\u00e1cie, vyhotovi\u0165 da\u0148ov\u00fd doklad. Tieto \u00fadaje chr\u00e1nime spolu s \u00fadajmi o Va\u0161ich n\u00e1kupoch pred zneu\u017eit\u00edm v\u00a0zmysle platnej legislat\u00edvy.<\/p>\n<ol start=\"6\">\n<li><u> <\/u><strong><u>Z\u00c1VERE\u010cN\u00c9 USTANOVENIA<\/u><\/strong><\/li>\n<\/ol>\n<p>Kupuj\u00faci prehlasuje, \u017ee sa pred vyplnen\u00edm objedn\u00e1vky obozn\u00e1mil s t\u00fdmito obchodn\u00fdmi podmienkami predaja a \u017ee s t\u00fdmito s\u00fahlas\u00ed. Pred\u00e1vaj\u00faci prehlasuje, \u017ee aktualizovan\u00e9 obchodn\u00e9 pr\u00edstupn\u00ed na svojom webe:<\/p>\n<p><strong><a href=\"https:\/\/shpaiza.sk\/\">https:\/\/shpaiza.sk\/<\/a><\/strong><\/p>\n","protected":false},"excerpt":{"rendered":"<p>Ak chcete pote\u0161i\u0165 Va\u0161ich zamestnancov alebo obchodn\u00fdch partnerov a pripravi\u0165 im chutn\u00e9 sez\u00f3nne ob\u010derstvenie, SHPAIZA TakeAway je tu pr\u00e1ve pre V\u00e1s. Na\u0161e produkty s\u00fa ide\u00e1lne pre: Firemn\u00e9 ra\u0148ajky a teambulding Kvalitn\u00e9 ob\u010derstvenie pri stretnutiach mana\u017ementu a d\u00f4le\u017eit\u00fdch obchodn\u00fdch meetingoch Catering pre s\u00fakromn\u00e9 eventy, akcie a svadby Ob\u010derstvenie pri ochutn\u00e1vkach v\u00edna, piva a pod. Ka\u017ed\u00fd catering [&hellip;]<\/p>\n","protected":false},"author":1,"featured_media":0,"parent":0,"menu_order":4,"comment_status":"closed","ping_status":"closed","template":"","meta":[],"_links":{"self":[{"href":"https:\/\/shpaiza.sk\/index.php?rest_route=\/wp\/v2\/pages\/250"}],"collection":[{"href":"https:\/\/shpaiza.sk\/index.php?rest_route=\/wp\/v2\/pages"}],"about":[{"href":"https:\/\/shpaiza.sk\/index.php?rest_route=\/wp\/v2\/types\/page"}],"author":[{"embeddable":true,"href":"https:\/\/shpaiza.sk\/index.php?rest_route=\/wp\/v2\/users\/1"}],"replies":[{"embeddable":true,"href":"https:\/\/shpaiza.sk\/index.php?rest_route=%2Fwp%2Fv2%2Fcomments&post=250"}],"version-history":[{"count":5,"href":"https:\/\/shpaiza.sk\/index.php?rest_route=\/wp\/v2\/pages\/250\/revisions"}],"predecessor-version":[{"id":1764,"href":"https:\/\/shpaiza.sk\/index.php?rest_route=\/wp\/v2\/pages\/250\/revisions\/1764"}],"wp:attachment":[{"href":"https:\/\/shpaiza.sk\/index.php?rest_route=%2Fwp%2Fv2%2Fmedia&parent=250"}],"curies":[{"name":"wp","href":"https:\/\/api.w.org\/{rel}","templated":true}]}}