{"id":2,"date":"2018-04-10T12:12:05","date_gmt":"2018-04-10T10:12:05","guid":{"rendered":"http:\/\/shpaiza.sk\/?page_id=2"},"modified":"2021-08-22T12:21:30","modified_gmt":"2021-08-22T10:21:30","slug":"ukazka-strany","status":"publish","type":"page","link":"https:\/\/shpaiza.sk\/?page_id=2","title":{"rendered":"Kontakty"},"content":{"rendered":"<h2 style=\"text-align: center;\"><span style=\"text-decoration: underline;\"><span style=\"color: #008000; text-decoration: underline;\">SHPAIZA Bistro Ra\u010da \/ Vajnory<br \/>\n<\/span><\/span><\/h2>\n<h3 style=\"text-align: center;\">Budova\u00a0<a href=\"https:\/\/www.pond.sk\/\">https:\/\/www.pond.sk\/<\/a><\/h3>\n<h3 style=\"text-align: center;\"><a href=\"https:\/\/goo.gl\/maps\/gfbD2JiXmWgyaEC57\">Google Mapa TU<\/a><\/h3>\n<h3 style=\"text-align: center;\">Rybni\u010dn\u00e1 40\/F, 831 07, Bratislava (magick\u00e9 miesto na konci sveta \/ Ra\u010de)<\/h3>\n<h3 style=\"text-align: center;\">\u260e 0908 074 201 \u260e<\/h3>\n<h3 style=\"text-align: center;\">Zodp. ved\u00faci: Peter Jani\u010dina<\/h3>\n<h2 style=\"text-align: center;\"><span style=\"text-decoration: underline;\"><span style=\"color: #008000; text-decoration: underline;\">SHPAIZA Bistro Petr\u017ealka<br \/>\n<\/span><\/span><\/h2>\n<h3 style=\"text-align: center;\">Budova <a href=\"https:\/\/www.acpetrzalka.sk\/\">https:\/\/www.acpetrzalka.sk\/<\/a><\/h3>\n<h3 style=\"text-align: center;\">R\u00f6ntgenova 26, 851 01 Bratislava &#8211; Petr\u017ealka<\/h3>\n<h3 style=\"text-align: center;\">\u260e 0918 655 214 \u260e<\/h3>\n<h3 style=\"text-align: center;\">Zodp. ved\u00faci: Martin Krumlovsk\u00fd<\/h3>\n<h2 style=\"text-align: center;\"><span style=\"text-decoration: underline; color: #008000;\">Otv\u00e1racie hodiny<\/span><\/h2>\n<h2 style=\"text-align: center;\">Aktu\u00e1lne m\u00e1me na neur\u010dito<\/h2>\n<h2 style=\"text-align: center;\"><strong><span style=\"text-decoration: underline;\">ZATVOREN\u00c9<\/span><br \/>\n<\/strong><\/h2>\n<h3 style=\"text-align: center;\">7:30 &#8211; 10:30 \/ Ra\u0148ajky<\/h3>\n<h3 style=\"text-align: center;\">11:00 &#8211; 14:00 \/ Obedov\u00e9 menu<\/h3>\n<h3 style=\"text-align: center;\">14:00 &#8211; 15:00 \/ Poobedn\u00e1 k\u00e1va a kol\u00e1\u010dik<\/h3>\n<h2 style=\"text-align: center;\"><span style=\"text-decoration: underline;\"><span style=\"color: #008000; text-decoration: underline;\">Firemn\u00fd a event catering<\/span> <\/span><\/h2>\n<h2 style=\"text-align: center;\"><strong>Tel: +421 907 432 236<\/strong><\/h2>\n<h3 style=\"text-align: center;\">E-mail: <a href=\"mailto:info@shpaiza.sk\">info@shpaiza.sk<\/a><\/h3>\n<h2 style=\"text-align: center;\"><span style=\"text-decoration: underline; color: #008000;\">Prev\u00e1dzkovate\u013e<\/span><\/h2>\n<h2 style=\"text-align: center;\"><strong>HOPES s.r.o.<\/strong><\/h2>\n<h3 style=\"text-align: center;\">Mudro\u0148ova 3\/B, 811 01 Bratislava<\/h3>\n<h3 style=\"text-align: center;\">I\u010cO: 47 175 672<\/h3>\n<h3 style=\"text-align: center;\">I\u010c DPH: SK2023782992<\/h3>\n","protected":false},"excerpt":{"rendered":"<p>SHPAIZA Bistro Ra\u010da \/ Vajnory Budova\u00a0https:\/\/www.pond.sk\/ Google Mapa TU Rybni\u010dn\u00e1 40\/F, 831 07, Bratislava (magick\u00e9 miesto na konci sveta \/ Ra\u010de) \u260e 0908 074 201 \u260e Zodp. ved\u00faci: Peter Jani\u010dina SHPAIZA Bistro Petr\u017ealka Budova https:\/\/www.acpetrzalka.sk\/ R\u00f6ntgenova 26, 851 01 Bratislava &#8211; Petr\u017ealka \u260e 0918 655 214 \u260e Zodp. ved\u00faci: Martin Krumlovsk\u00fd Otv\u00e1racie hodiny Aktu\u00e1lne m\u00e1me [&hellip;]<\/p>\n","protected":false},"author":1,"featured_media":0,"parent":0,"menu_order":7,"comment_status":"closed","ping_status":"open","template":"","meta":[],"_links":{"self":[{"href":"https:\/\/shpaiza.sk\/index.php?rest_route=\/wp\/v2\/pages\/2"}],"collection":[{"href":"https:\/\/shpaiza.sk\/index.php?rest_route=\/wp\/v2\/pages"}],"about":[{"href":"https:\/\/shpaiza.sk\/index.php?rest_route=\/wp\/v2\/types\/page"}],"author":[{"embeddable":true,"href":"https:\/\/shpaiza.sk\/index.php?rest_route=\/wp\/v2\/users\/1"}],"replies":[{"embeddable":true,"href":"https:\/\/shpaiza.sk\/index.php?rest_route=%2Fwp%2Fv2%2Fcomments&post=2"}],"version-history":[{"count":5,"href":"https:\/\/shpaiza.sk\/index.php?rest_route=\/wp\/v2\/pages\/2\/revisions"}],"predecessor-version":[{"id":1748,"href":"https:\/\/shpaiza.sk\/index.php?rest_route=\/wp\/v2\/pages\/2\/revisions\/1748"}],"wp:attachment":[{"href":"https:\/\/shpaiza.sk\/index.php?rest_route=%2Fwp%2Fv2%2Fmedia&parent=2"}],"curies":[{"name":"wp","href":"https:\/\/api.w.org\/{rel}","templated":true}]}}