{"id":1035,"date":"2020-07-19T17:27:12","date_gmt":"2020-07-19T15:27:12","guid":{"rendered":"http:\/\/shpaiza.sk\/?page_id=1035"},"modified":"2021-04-19T17:25:55","modified_gmt":"2021-04-19T15:25:55","slug":"obedove-menu-do-prace","status":"publish","type":"page","link":"https:\/\/shpaiza.sk\/?page_id=1035","title":{"rendered":"Zdrav\u00e9 obedov\u00e9 menu"},"content":{"rendered":"<ul>\n<li>B\u00fdva V\u00e1m po obede v pr\u00e1ci <strong>pravidelne \u0165a\u017eko<\/strong>?<\/li>\n<li>Sad\u00e1 na V\u00e1s <strong>\u00fanava<\/strong>?<\/li>\n<li>Ste &#8222;objeden\u00ed&#8220; z <strong>opakuj\u00facich sa obedov\u00fdch menu bez n\u00e1padu<\/strong> a inov\u00e1cie?<\/li>\n<li>Chceli by ste sa <strong>stravova\u0165 lep\u0161ie<\/strong>?<\/li>\n<\/ul>\n<p>Aj my sme ka\u017ed\u00fd de\u0148 v pr\u00e1ci za\u017e\u00edvali ten ist\u00fd pr\u00edbeh. Tradi\u010dn\u00fd slovensk\u00fd recept na \u00faspech v kant\u00ednach bohu\u017eia\u013e e\u0161te st\u00e1le znie:<\/p>\n<h3 style=\"text-align: center;\"><strong>\u00a0<span style=\"text-decoration: underline; color: #008000;\">Riedka polievka<\/span> + <span style=\"text-decoration: underline; color: #ff6600;\">Ve\u013ek\u00e1 porcia jedla (z lacn\u00fdch surov\u00edn)<\/span> = <span style=\"text-decoration: underline; color: #ff0000;\">1 Stravn\u00fd l\u00edstok <\/span><\/strong><\/h3>\n<p>Preto sme sa rozhodli, \u017ee s t\u00fdm nie\u010do mus\u00edme urobi\u0165 ? <strong>SHPAIZA<\/strong> je tu, aby V\u00e1m kone\u010dne priniesla <strong>kvalitn\u00fa alternat\u00edvu chutn\u00e9ho a zdrav\u00e9ho pracovn\u00e9ho obeda<\/strong>. Tu je n\u00e1\u0161 recept na \u00faspech:<\/p>\n<h3>R\u00fdchla obsluha alebo pravideln\u00fd z\u00e1voz do firmy<\/h3>\n<p>Na\u0161e procesy s\u00fa nastaven\u00e9 tak, aby sme V\u00e1s po\u010das obedn\u00fdch &#8222;peekov&#8220; <strong>v bistre r\u00fdchlo, ale kvalitne obsl\u00fa\u017eili<\/strong> tak, aby ste \u010do najviac z Va\u0161ej obednej prest\u00e1vky <strong>str\u00e1vili relaxom <\/strong>pri dobrom a kvalitnom jedle <strong>v pr\u00edjemnom prostred\u00ed<\/strong>.<\/p>\n<p>Pre t\u00fdch, ktor\u00ed nemaj\u00fa \u010das na obedn\u00fa prest\u00e1vku opusti\u0165 pracovisko alebo domov pon\u00fakame <strong>mo\u017enos\u0165 pravideln\u00e9ho z\u00e1vozu individu\u00e1lne alebo skupinovo (firmy)<\/strong>. Pri pravideln\u00fdch z\u00e1vozoch a pre zmluvn\u00fdch firemn\u00fdch z\u00e1kazn\u00edkov <strong>navy\u0161e pon\u00fakame viacer\u00e9 v\u00fdhody<\/strong>, ako napr\u00edklad:<\/p>\n<ul>\n<li>\u00davodn\u00fa <strong>ochutn\u00e1vku na\u0161ich jed\u00e1l<\/strong> spojen\u00fa s prezent\u00e1ciu<\/li>\n<li><strong>Zv\u00fdhodnen\u00fd z\u00e1voz <\/strong><\/li>\n<li><strong>S\u00e9riu workshopov na t\u00e9mu zdrav\u00e9ho stravovania<\/strong> ako bonus k spolupr\u00e1ci<\/li>\n<\/ul>\n<p><img loading=\"lazy\" class=\"size-large wp-image-184\" src=\"https:\/\/shpaiza.sk\/wp-content\/uploads\/2019\/11\/SHPAIZA-Bistro-1024x498.jpg\" alt=\"\" width=\"640\" height=\"311\" srcset=\"https:\/\/shpaiza.sk\/wp-content\/uploads\/2019\/11\/SHPAIZA-Bistro-1024x498.jpg 1024w, https:\/\/shpaiza.sk\/wp-content\/uploads\/2019\/11\/SHPAIZA-Bistro-300x146.jpg 300w, https:\/\/shpaiza.sk\/wp-content\/uploads\/2019\/11\/SHPAIZA-Bistro-768x373.jpg 768w\" sizes=\"(max-width: 640px) 100vw, 640px\" \/><\/p>\n<h3>Kvalitn\u00e9 suroviny<\/h3>\n<p>V\u0161etky jedl\u00e1 pripravujeme z kvalitn\u00fdch prvotn\u00fdch surov\u00edn. Nepou\u017e\u00edvame <strong>\u017eiadne polotovary<\/strong> a ke\u010f hovor\u00edme <strong>\u017dIADNE<\/strong>, skuto\u010dne to aj tak mysl\u00edme. Tu je len nieko\u013eko pr\u00edkladov z pestr\u00e9ho portf\u00f3lia na\u0161ej kuchyne a pek\u00e1rne:<\/p>\n<ul>\n<li>Ka\u017ed\u00fd de\u0148 pe\u010dieme vlastn\u00fd <strong>\u010derstv\u00fd kv\u00e1skov\u00fd chlieb <\/strong>z m\u00faky zo slovensk\u00e9ho <strong><a href=\"https:\/\/mlyntrencan.sk\/\">Mlynu Tren\u010dan<\/a><\/strong><\/li>\n<li>V\u0161etky <strong>cest\u00e1 pre Empanady aj Quiche a kol\u00e1\u010de<\/strong> poch\u00e1dzaj\u00fa rovnako <strong>z vlastnej produkcie <\/strong><\/li>\n<li>Kde m\u00e1 \u00eds\u0165 do receptu maslo, ide tam <strong>ozajstn\u00e9 maslo<\/strong> &#8211; v na\u0161ej kuchyni nen\u00e1jdete margar\u00edny ani in\u00e9 n\u00e1hrady<\/li>\n<li><strong>Slne\u010dnicov\u00fd olej<\/strong> pou\u017e\u00edvame z\u00e1sadne Kl\u00e1tovsk\u00fd z farmy <a href=\"https:\/\/buslakoil.sk\/\"><strong>B\u00fa\u0161lak<\/strong><\/a> alebo <strong>extra panensk\u00fd olivov\u00fd<\/strong> do \u0161al\u00e1tov<\/li>\n<li><strong>Majon\u00e9zu<\/strong> pre na\u0161e tradi\u010dn\u00e9 lah\u00f4dkov\u00e9 \u0161al\u00e1ty <strong>pripravujeme vlastn\u00fa z \u010derstv\u00fdch vajec<\/strong> z farmy <strong><a href=\"https:\/\/www.top-farm.sk\/\">Top Farm<\/a><\/strong><\/li>\n<li>V na\u0161ich jedl\u00e1ch pou\u017e\u00edvame <strong>ve\u013ea \u010derstvej sez\u00f3nnej zeleniny\u00a0<\/strong><\/li>\n<\/ul>\n<p><img loading=\"lazy\" class=\"alignnone size-large wp-image-8\" src=\"https:\/\/shpaiza.sk\/wp-content\/uploads\/2018\/04\/Farmar-1024x576.jpg\" alt=\"\" width=\"640\" height=\"360\" srcset=\"https:\/\/shpaiza.sk\/wp-content\/uploads\/2018\/04\/Farmar-1024x576.jpg 1024w, https:\/\/shpaiza.sk\/wp-content\/uploads\/2018\/04\/Farmar-300x169.jpg 300w, https:\/\/shpaiza.sk\/wp-content\/uploads\/2018\/04\/Farmar-768x432.jpg 768w\" sizes=\"(max-width: 640px) 100vw, 640px\" \/><\/p>\n<h3>M\u00e4so iba z dobr\u00e9ho chovu<\/h3>\n<p>M\u00e4so predstavuje jeden z najv\u00e4\u010d\u0161\u00edch probl\u00e9mov dne\u0161nej stravy &#8211; \u013eudia ho jedia <strong>zbyto\u010dne ve\u013ea<\/strong> a v\u00e4\u010d\u0161inou <strong>vo ve\u013emi n\u00edzkej kvalite<\/strong>. Lacn\u00e9 kuracie, brav\u010dov\u00e9 a ob\u010das hov\u00e4dzie poch\u00e1dza v\u00e4\u010d\u0161inou z masov\u00fdch chovov kde zvierat\u00e1 pre\u017eij\u00fa svoj kr\u00e1tky \u017eivot &#8222;na kope&#8220; zavret\u00ed v klietke alebo ohrade. <strong>Zvierat\u00e1m ch\u00fdba pohyb, pobyt na \u010derstvom vzduchu, prirodzen\u00e1 strava<\/strong> a ich <strong>rast sa \u010dasto ur\u00fdch\u013euje rastov\u00fdmi horm\u00f3nmi<\/strong>. Riziko \u0161\u00edrenia chor\u00f4b v preplnen\u00fdch priestoroch je v\u00fdrazne vy\u0161\u0161ie ako pri vo\u013enom v\u00fdbehu, preto s\u00fa zvierat\u00e1 v\u00e4\u010d\u0161inou <strong>pravidelne d\u00e1vkovan\u00e9 liekmi a antibiotikami<\/strong>.<\/p>\n<p>N\u00e1\u0161 pr\u00edstup je in\u00fd &#8211; na\u0161im klientom odpor\u00fa\u010dame da\u0165 si m\u00e4sov\u00e9 jedlo rad\u0161ej 2x za t\u00fd\u017ede\u0148, ale zato z kvalitn\u00e9ho m\u00e4ska. V na\u0161ich jedl\u00e1ch n\u00e1jdete:<\/p>\n<ol>\n<li><strong>Kuriatko a vaj\u00ed\u010dka<\/strong> v\u00fdlu\u010dne z rodinnej farmy <strong><a href=\"http:\/\/www.hydinarskafarma.sk\/\">Topo\u013enica<\/a> <\/strong><\/li>\n<li><strong>Brav\u010dov\u00e9 DUROC<\/strong> z pohrani\u010dn\u00e9ho chovu v <strong><a href=\"https:\/\/www.wiesbauer-gourmet.at\/duroc-schweinefleisch\">Dolnom Rak\u00fasku<\/a><\/strong><\/li>\n<li><strong>Kuraciu a brav\u010dov\u00fa \u0161unku si var\u00edme sami<\/strong> z dod\u00e1van\u00e9ho m\u00e4ska a bez pou\u017eitia konzervantov<\/li>\n<li><strong>Ryby<\/strong> poch\u00e1dzaj\u00fa z kvalitn\u00e9ho lok\u00e1lneho chovu v <strong><a href=\"http:\/\/www.rybarstvostupava.sk\/\">Ryb\u00e1rstve Stupava<\/a><br \/>\n<\/strong><\/li>\n<\/ol>\n<p><img loading=\"lazy\" class=\"alignnone size-large wp-image-1047\" src=\"https:\/\/shpaiza.sk\/wp-content\/uploads\/2020\/07\/Farma-Topo\u013enica-1024x683.jpg\" alt=\"\" width=\"640\" height=\"427\" srcset=\"https:\/\/shpaiza.sk\/wp-content\/uploads\/2020\/07\/Farma-Topo\u013enica-1024x683.jpg 1024w, https:\/\/shpaiza.sk\/wp-content\/uploads\/2020\/07\/Farma-Topo\u013enica-300x200.jpg 300w, https:\/\/shpaiza.sk\/wp-content\/uploads\/2020\/07\/Farma-Topo\u013enica-768x512.jpg 768w, https:\/\/shpaiza.sk\/wp-content\/uploads\/2020\/07\/Farma-Topo\u013enica-600x400.jpg 600w, https:\/\/shpaiza.sk\/wp-content\/uploads\/2020\/07\/Farma-Topo\u013enica-240x160.jpg 240w, https:\/\/shpaiza.sk\/wp-content\/uploads\/2020\/07\/Farma-Topo\u013enica.jpg 2048w\" sizes=\"(max-width: 640px) 100vw, 640px\" \/><\/p>\n<h3>Sez\u00f3nnos\u0165<\/h3>\n<p>\u010ci sa pozriete na <strong>Ajurv\u00e9dsku stravu<\/strong>, <strong>\u010c\u00ednsku medic\u00ednu<\/strong> alebo jednoducho do <strong>receptov na\u0161ich star\u00fdch m\u00e1m<\/strong>, v\u0161etky maj\u00fa spolo\u010dn\u00e9ho menovate\u013ea. Nab\u00e1daj\u00fa n\u00e1s, aby sme sa stravovali <strong>sez\u00f3nne<\/strong> a pokia\u013e mo\u017eno <strong>z lok\u00e1lnych surov\u00edn<\/strong>. <strong>Pr\u00edroda<\/strong> je toti\u017e (ako v\u017edy) <strong>m\u00fadrej\u0161ia<\/strong> ako my a sama najlep\u0161ie vie, <strong>\u010do v dan\u00fa \u010das\u0165 roka na\u0161e telo najviac potrebuje<\/strong>. V lete n\u00e1s schlad\u00ed \u010derstv\u00fd mix zelen\u00fdch \u0161al\u00e1tov, v zime zase zahreje hust\u00e1 tekvicov\u00e1 polievka.<\/p>\n<p>V na\u0161ej kuchyni sa sna\u017e\u00edme riadi\u0165 jednoduch\u00fdmi <strong>princ\u00edpmi pr\u00edrody, sez\u00f3ny a ro\u010dn\u00fdch obdob\u00ed<\/strong>.<\/p>\n<p><img loading=\"lazy\" class=\"alignnone size-large wp-image-935\" src=\"https:\/\/shpaiza.sk\/wp-content\/uploads\/2020\/06\/Suroviny-1024x671.jpg\" alt=\"\" width=\"640\" height=\"419\" srcset=\"https:\/\/shpaiza.sk\/wp-content\/uploads\/2020\/06\/Suroviny-1024x671.jpg 1024w, https:\/\/shpaiza.sk\/wp-content\/uploads\/2020\/06\/Suroviny-300x197.jpg 300w, https:\/\/shpaiza.sk\/wp-content\/uploads\/2020\/06\/Suroviny-768x503.jpg 768w, https:\/\/shpaiza.sk\/wp-content\/uploads\/2020\/06\/Suroviny-600x393.jpg 600w, https:\/\/shpaiza.sk\/wp-content\/uploads\/2020\/06\/Suroviny-244x160.jpg 244w, https:\/\/shpaiza.sk\/wp-content\/uploads\/2020\/06\/Suroviny.jpg 1440w\" sizes=\"(max-width: 640px) 100vw, 640px\" \/><\/p>\n<h3>Pestr\u00e1 vege aj m\u00e4sov\u00e1 strava<\/h3>\n<p>Nekone\u010dn\u00e9<strong> mno\u017estvo alergi\u00ed a r\u00f4znych di\u00e9t<\/strong> &#8211; \u010dlovek sa v tom u\u017e ani poriadne nevyzn\u00e1. Je zdrav\u0161ia vegetari\u00e1nska alebo veg\u00e1nska strava? Bezlepkov\u00e1 alebo bezlakt\u00f3zov\u00e1? Alebo m\u00e1m presedla\u0165 na paleo-di\u00e9tu?<\/p>\n<p>N\u00e1\u0161 poh\u013ead na vec je jednoduch\u00fd: <strong>ka\u017ed\u00fd \u010dlovek je jedine\u010dn\u00fd a neexistuje jednotn\u00fd recept na \u00faspech<\/strong>. \u010co je pre jedn\u00e9ho zdrav\u00e9 a dobr\u00e9, to pre druh\u00e9ho m\u00f4\u017ee by\u0165 \u0161kodliv\u00e9 a\u017e jedovat\u00e9. Ve\u010f u\u017e na\u0161i predkovia n\u00e1s priamo varuj\u00fa v slov\u00e1ch ktor\u00e9 pou\u017e\u00edvame ka\u017ed\u00fd de\u0148. Never\u00edte? \u010co mysl\u00edte, ak\u00e9 odkazy n\u00e1m uchovali v slov\u00e1ch ako <strong>JED-lo<\/strong> alebo <strong>p-OTRAVA<\/strong>?<\/p>\n<p><strong>V SHPAIZA sa riadime heslom &#8222;Vyber si \u010do ti chut\u00ed&#8220;<\/strong> a skuto\u010dne to aj tak mysl\u00edme. Va\u0161e telo toti\u017e najlep\u0161ie vie, \u010do v dan\u00fd moment potrebuje a na \u010do m\u00e1 naozaj chu\u0165. Preto u n\u00e1s n\u00e1jdete ka\u017ed\u00fd de\u0148 <strong>sez\u00f3nne alternat\u00edvy vegetari\u00e1nskeho aj m\u00e4sov\u00e9ho jedla<\/strong>. Ke\u010f\u017ee <strong>o kvalitu surov\u00edn je postaran\u00e9<\/strong>, na V\u00e1s ost\u00e1va vybra\u0165 si z aktu\u00e1lnej ponuky. Na\u0161e jedl\u00e1 n\u00e1jdete ka\u017ed\u00fd de\u0148 <strong>na prev\u00e1dzkach vystaven\u00e9<\/strong> a <strong>v on-line ponuke v re\u00e1lnom \u010dase odfoten\u00e9<\/strong> tak, aby ste si jedlo nevyberali z anonymn\u00e9ho l\u00edstka. <strong>D\u00f4verujte vlastn\u00e9mu telu a nechajte o\u010di a zmysly, aby vybrali za V\u00e1s ?<\/strong><\/p>\n<p><img loading=\"lazy\" class=\"alignnone size-medium wp-image-390\" src=\"https:\/\/shpaiza.sk\/wp-content\/uploads\/2020\/03\/Mor\u010dacie-sot\u00e9-300x300.jpg\" alt=\"\" width=\"300\" height=\"300\" srcset=\"https:\/\/shpaiza.sk\/wp-content\/uploads\/2020\/03\/Mor\u010dacie-sot\u00e9-300x300.jpg 300w, https:\/\/shpaiza.sk\/wp-content\/uploads\/2020\/03\/Mor\u010dacie-sot\u00e9-150x150.jpg 150w, https:\/\/shpaiza.sk\/wp-content\/uploads\/2020\/03\/Mor\u010dacie-sot\u00e9-768x768.jpg 768w, https:\/\/shpaiza.sk\/wp-content\/uploads\/2020\/03\/Mor\u010dacie-sot\u00e9.jpg 960w\" sizes=\"(max-width: 300px) 100vw, 300px\" \/><img loading=\"lazy\" class=\"alignnone size-medium wp-image-334\" src=\"https:\/\/shpaiza.sk\/wp-content\/uploads\/2020\/01\/Kuriatko-so-\u0161o\u0161ovicou-a-vaj\u00ed\u010dkom-296x300.jpeg\" alt=\"\" width=\"296\" height=\"300\" srcset=\"https:\/\/shpaiza.sk\/wp-content\/uploads\/2020\/01\/Kuriatko-so-\u0161o\u0161ovicou-a-vaj\u00ed\u010dkom-296x300.jpeg 296w, https:\/\/shpaiza.sk\/wp-content\/uploads\/2020\/01\/Kuriatko-so-\u0161o\u0161ovicou-a-vaj\u00ed\u010dkom-768x778.jpeg 768w, https:\/\/shpaiza.sk\/wp-content\/uploads\/2020\/01\/Kuriatko-so-\u0161o\u0161ovicou-a-vaj\u00ed\u010dkom-1010x1024.jpeg 1010w\" sizes=\"(max-width: 296px) 100vw, 296px\" \/><img loading=\"lazy\" class=\"alignnone size-medium wp-image-372\" src=\"https:\/\/shpaiza.sk\/wp-content\/uploads\/2020\/02\/N\u00e1\u0161-hummus-300x300.jpg\" alt=\"\" width=\"300\" height=\"300\" srcset=\"https:\/\/shpaiza.sk\/wp-content\/uploads\/2020\/02\/N\u00e1\u0161-hummus-300x300.jpg 300w, https:\/\/shpaiza.sk\/wp-content\/uploads\/2020\/02\/N\u00e1\u0161-hummus-150x150.jpg 150w, https:\/\/shpaiza.sk\/wp-content\/uploads\/2020\/02\/N\u00e1\u0161-hummus-768x768.jpg 768w, https:\/\/shpaiza.sk\/wp-content\/uploads\/2020\/02\/N\u00e1\u0161-hummus.jpg 960w\" sizes=\"(max-width: 300px) 100vw, 300px\" \/><\/p>\n<h3><\/h3>\n","protected":false},"excerpt":{"rendered":"<p>B\u00fdva V\u00e1m po obede v pr\u00e1ci pravidelne \u0165a\u017eko? Sad\u00e1 na V\u00e1s \u00fanava? Ste &#8222;objeden\u00ed&#8220; z opakuj\u00facich sa obedov\u00fdch menu bez n\u00e1padu a inov\u00e1cie? Chceli by ste sa stravova\u0165 lep\u0161ie? Aj my sme ka\u017ed\u00fd de\u0148 v pr\u00e1ci za\u017e\u00edvali ten ist\u00fd pr\u00edbeh. Tradi\u010dn\u00fd slovensk\u00fd recept na \u00faspech v kant\u00ednach bohu\u017eia\u013e e\u0161te st\u00e1le znie: \u00a0Riedka polievka + Ve\u013ek\u00e1 [&hellip;]<\/p>\n","protected":false},"author":1,"featured_media":0,"parent":0,"menu_order":2,"comment_status":"closed","ping_status":"closed","template":"","meta":[],"_links":{"self":[{"href":"https:\/\/shpaiza.sk\/index.php?rest_route=\/wp\/v2\/pages\/1035"}],"collection":[{"href":"https:\/\/shpaiza.sk\/index.php?rest_route=\/wp\/v2\/pages"}],"about":[{"href":"https:\/\/shpaiza.sk\/index.php?rest_route=\/wp\/v2\/types\/page"}],"author":[{"embeddable":true,"href":"https:\/\/shpaiza.sk\/index.php?rest_route=\/wp\/v2\/users\/1"}],"replies":[{"embeddable":true,"href":"https:\/\/shpaiza.sk\/index.php?rest_route=%2Fwp%2Fv2%2Fcomments&post=1035"}],"version-history":[{"count":5,"href":"https:\/\/shpaiza.sk\/index.php?rest_route=\/wp\/v2\/pages\/1035\/revisions"}],"predecessor-version":[{"id":1593,"href":"https:\/\/shpaiza.sk\/index.php?rest_route=\/wp\/v2\/pages\/1035\/revisions\/1593"}],"wp:attachment":[{"href":"https:\/\/shpaiza.sk\/index.php?rest_route=%2Fwp%2Fv2%2Fmedia&parent=1035"}],"curies":[{"name":"wp","href":"https:\/\/api.w.org\/{rel}","templated":true}]}}